{"id":1615,"date":"2019-04-14T18:04:15","date_gmt":"2019-04-14T17:04:15","guid":{"rendered":"https:\/\/magnusnerlich.com\/?page_id=1615"},"modified":"2026-01-04T15:17:50","modified_gmt":"2026-01-04T14:17:50","slug":"impressum","status":"publish","type":"page","link":"https:\/\/magnusnerlich.com\/en\/impressum\/","title":{"rendered":"Impressum"},"content":{"rendered":"<div data-elementor-type=\"wp-post\" data-elementor-id=\"1615\" class=\"elementor elementor-1615\" data-elementor-post-type=\"page\">\n\t\t\t\t\t\t<section class=\"elementor-section elementor-top-section elementor-element elementor-element-4a3d24e elementor-section-boxed elementor-section-height-default elementor-section-height-default\" data-id=\"4a3d24e\" data-element_type=\"section\" data-e-type=\"section\">\n\t\t\t\t\t\t<div class=\"elementor-container elementor-column-gap-default\">\n\t\t\t\t\t<div class=\"elementor-column elementor-col-100 elementor-top-column elementor-element elementor-element-d73752e\" data-id=\"d73752e\" data-element_type=\"column\" data-e-type=\"column\">\n\t\t\t<div class=\"elementor-widget-wrap elementor-element-populated\">\n\t\t\t\t\t\t<div class=\"elementor-element elementor-element-193a621 elementor-widget elementor-widget-heading\" data-id=\"193a621\" data-element_type=\"widget\" data-e-type=\"widget\" data-widget_type=\"heading.default\">\n\t\t\t\t<div class=\"elementor-widget-container\">\n\t\t\t\t\t<h2 class=\"elementor-heading-title elementor-size-default\">Impressum<\/h2>\t\t\t\t<\/div>\n\t\t\t\t<\/div>\n\t\t\t\t\t<\/div>\n\t\t<\/div>\n\t\t\t\t\t<\/div>\n\t\t<\/section>\n\t\t\t\t<section class=\"elementor-section elementor-top-section elementor-element elementor-element-5935f65 elementor-section-boxed elementor-section-height-default elementor-section-height-default\" data-id=\"5935f65\" data-element_type=\"section\" data-e-type=\"section\">\n\t\t\t\t\t\t<div class=\"elementor-container elementor-column-gap-default\">\n\t\t\t\t\t<div class=\"elementor-column elementor-col-100 elementor-top-column elementor-element elementor-element-fd30c37\" data-id=\"fd30c37\" data-element_type=\"column\" data-e-type=\"column\">\n\t\t\t<div class=\"elementor-widget-wrap elementor-element-populated\">\n\t\t\t\t\t\t<div class=\"elementor-element elementor-element-d0dd12e elementor-widget elementor-widget-text-editor\" data-id=\"d0dd12e\" data-element_type=\"widget\" data-e-type=\"widget\" data-widget_type=\"text-editor.default\">\n\t\t\t\t<div class=\"elementor-widget-container\">\n\t\t\t\t\t\t\t\t\t<h3>Angaben gem\u00e4\u00df \u00a7 5 Digitale-Dienste-Gesetz<\/h3>\n<p>Advanced Health &amp; Performance Systems AHPS UG (haftungsbeschr\u00e4nkt)<br><span style=\"font-size: 16px;\">Hans-Henny-Jahnn Weg 23<br><\/span><span style=\"font-size: 16px; text-wrap-mode: initial;\">22085 Hamburg<\/span><\/p>\n<p><span style=\"font-size: 16px; text-wrap-mode: initial;\">Handelsregister: HRB&nbsp;<\/span>193621<br>Registergericht: Amtsgericht Hamburg<br>Umsatzsteuer-Identifikationsnummer gem. \u00a7 27a UStG: DE458532595<\/p>\n<h3>Contact<\/h3>\n<p>Vertretungsberechtigter Gesch\u00e4ftsf\u00fchrer: Magnus Nerlich<br>Telefon: +49 (0)152 331 480 88<br>E-Mail: magnusnerlich@outlook.com<\/p>\n<h3><span style=\"font-size: 3rem; font-weight: 900;\">Inhaltlich Verantwortlicher gem. \u00a7 18 Abs. 2 MStV:<\/span><\/h3>\n<p><span style=\"font-size: 16px; font-style: normal; font-weight: 400;\">Magnus Nerlich<\/span><br><span style=\"font-size: 16px; font-style: normal; font-weight: 400;\">Hans-Henny-Jahnn Weg 23<\/span><br><span style=\"font-size: 16px; font-style: normal; font-weight: 400;\">22085 Hamburg<\/span><\/p>\n<h3>Streitschlichtung<\/h3>\n<p>Die Europ\u00e4ische Kommission stellt eine Plattform zur Online-Streitbeilegung (OS) bereit: <a href=\"https:\/\/ec.europa.eu\/consumers\/odr\" target=\"_blank\" rel=\"noopener\">https:\/\/ec.europa.eu\/consumers\/odr<\/a>.<br>Unsere E-Mail-Adresse finden Sie oben im Impressum.<\/p>\n<p>Wir sind nicht bereit oder verpflichtet, an Streitbeilegungsverfahren vor einer Verbraucherschlichtungsstelle teilzunehmen.<\/p>\n<h3>Haftung f\u00fcr Inhalte<\/h3>\n<p>Als Diensteanbieter sind wir gem\u00e4\u00df \u00a7 7 Abs.1 TMG f\u00fcr eigene Inhalte auf diesen Seiten nach den allgemeinen Gesetzen verantwortlich. Nach \u00a7\u00a7 8 bis 10 TMG sind wir als Diensteanbieter jedoch nicht verpflichtet, \u00fcbermittelte oder gespeicherte fremde Informationen zu \u00fcberwachen oder nach Umst\u00e4nden zu forschen, die auf eine rechtswidrige T\u00e4tigkeit hinweisen.<\/p>\n<p>Verpflichtungen zur Entfernung oder Sperrung der Nutzung von Informationen nach den allgemeinen Gesetzen bleiben hiervon unber\u00fchrt. Eine diesbez\u00fcgliche Haftung ist jedoch erst ab dem Zeitpunkt der Kenntnis einer konkreten Rechtsverletzung m\u00f6glich. Bei Bekanntwerden von entsprechenden Rechtsverletzungen werden wir diese Inhalte umgehend entfernen.<\/p>\n<h3>Haftung f\u00fcr Links<\/h3>\n<p>Unser Angebot enth\u00e4lt Links zu externen Websites Dritter, auf deren Inhalte wir keinen Einfluss haben. Deshalb k\u00f6nnen wir f\u00fcr diese fremden Inhalte auch keine Gew\u00e4hr \u00fcbernehmen. F\u00fcr die Inhalte der verlinkten Seiten ist stets der jeweilige Anbieter oder Betreiber der Seiten verantwortlich. Die verlinkten Seiten wurden zum Zeitpunkt der Verlinkung auf m\u00f6gliche Rechtsverst\u00f6\u00dfe \u00fcberpr\u00fcft. Rechtswidrige Inhalte waren zum Zeitpunkt der Verlinkung nicht erkennbar.<\/p>\n<p>Eine permanente inhaltliche Kontrolle der verlinkten Seiten ist jedoch ohne konkrete Anhaltspunkte einer Rechtsverletzung nicht zumutbar. Bei Bekanntwerden von Rechtsverletzungen werden wir derartige Links umgehend entfernen.<\/p>\n<h3>Urheberrecht<\/h3>\n<p>Die durch die Seitenbetreiber erstellten Inhalte und Werke auf diesen Seiten unterliegen dem deutschen Urheberrecht. Die Vervielf\u00e4ltigung, Bearbeitung, Verbreitung und jede Art der Verwertung au\u00dferhalb der Grenzen des Urheberrechtes bed\u00fcrfen der schriftlichen Zustimmung des jeweiligen Autors bzw. Erstellers. Downloads und Kopien dieser Seite sind nur f\u00fcr den privaten, nicht kommerziellen Gebrauch gestattet.<\/p>\n<p>Soweit die Inhalte auf dieser Seite nicht vom Betreiber erstellt wurden, werden die Urheberrechte Dritter beachtet. Insbesondere werden Inhalte Dritter als solche gekennzeichnet. Sollten Sie trotzdem auf eine Urheberrechtsverletzung aufmerksam werden, bitten wir um einen entsprechenden Hinweis. Bei Bekanntwerden von Rechtsverletzungen werden wir derartige Inhalte umgehend entfernen.<\/p>\n<p>Quelle: <a href=\"https:\/\/www.e-recht24.de\">e-recht24.de<\/a><\/p>\t\t\t\t\t\t\t\t<\/div>\n\t\t\t\t<\/div>\n\t\t\t\t\t<\/div>\n\t\t<\/div>\n\t\t\t\t\t<\/div>\n\t\t<\/section>\n\t\t\t\t<\/div>","protected":false},"excerpt":{"rendered":"<p>Impressum Angaben gem\u00e4\u00df \u00a7 5 Digitale-Dienste-Gesetz Advanced Health &amp; Performance Systems AHPS UG (haftungsbeschr\u00e4nkt)Hans-Henny-Jahnn Weg 2322085 Hamburg Handelsregister: HRB&nbsp;193621Registergericht: Amtsgericht HamburgUmsatzsteuer-Identifikationsnummer gem. \u00a7 27a UStG: DE458532595 Kontakt Vertretungsberechtigter Gesch\u00e4ftsf\u00fchrer: Magnus NerlichTelefon: +49 (0)152 331 480 88E-Mail: magnusnerlich@outlook.com Inhaltlich Verantwortlicher gem. \u00a7 18 Abs. 2 MStV: Magnus NerlichHans-Henny-Jahnn Weg 2322085 Hamburg Streitschlichtung Die Europ\u00e4ische Kommission stellt [&hellip;]<\/p>\n","protected":false},"author":151865730,"featured_media":0,"parent":0,"menu_order":0,"comment_status":"closed","ping_status":"closed","template":"","meta":{"site-sidebar-layout":"no-sidebar","site-content-layout":"page-builder","ast-site-content-layout":"","site-content-style":"default","site-sidebar-style":"default","ast-global-header-display":"","ast-banner-title-visibility":"","ast-main-header-display":"","ast-hfb-above-header-display":"","ast-hfb-below-header-display":"","ast-hfb-mobile-header-display":"","site-post-title":"disabled","ast-breadcrumbs-content":"","ast-featured-img":"disabled","footer-sml-layout":"","theme-transparent-header-meta":"default","adv-header-id-meta":"","stick-header-meta":"","header-above-stick-meta":"","header-main-stick-meta":"","header-below-stick-meta":"","astra-migrate-meta-layouts":"default","ast-page-background-enabled":"default","ast-page-background-meta":{"desktop":{"background-color":"","background-image":"","background-repeat":"repeat","background-position":"center center","background-size":"auto","background-attachment":"scroll","background-type":"","background-media":"","overlay-type":"","overlay-color":"","overlay-gradient":""},"tablet":{"background-color":"","background-image":"","background-repeat":"repeat","background-position":"center center","background-size":"auto","background-attachment":"scroll","background-type":"","background-media":"","overlay-type":"","overlay-color":"","overlay-gradient":""},"mobile":{"background-color":"","background-image":"","background-repeat":"repeat","background-position":"center center","background-size":"auto","background-attachment":"scroll","background-type":"","background-media":"","overlay-type":"","overlay-color":"","overlay-gradient":""}},"ast-content-background-meta":{"desktop":{"background-color":"var(--ast-global-color-5)","background-image":"","background-repeat":"repeat","background-position":"center center","background-size":"auto","background-attachment":"scroll","background-type":"","background-media":"","overlay-type":"","overlay-color":"","overlay-gradient":""},"tablet":{"background-color":"var(--ast-global-color-5)","background-image":"","background-repeat":"repeat","background-position":"center center","background-size":"auto","background-attachment":"scroll","background-type":"","background-media":"","overlay-type":"","overlay-color":"","overlay-gradient":""},"mobile":{"background-color":"var(--ast-global-color-5)","background-image":"","background-repeat":"repeat","background-position":"center center","background-size":"auto","background-attachment":"scroll","background-type":"","background-media":"","overlay-type":"","overlay-color":"","overlay-gradient":""}},"footnotes":""},"class_list":["post-1615","page","type-page","status-publish","hentry"],"yoast_head":"<!-- This site is optimized with the Yoast SEO plugin v27.6 - https:\/\/yoast.com\/product\/yoast-seo-wordpress\/ -->\n<title>Impressum - Magnus Nerlich<\/title>\n<meta name=\"robots\" content=\"index, follow, max-snippet:-1, max-image-preview:large, max-video-preview:-1\" \/>\n<link rel=\"canonical\" href=\"https:\/\/magnusnerlich.com\/en\/impressum\/\" \/>\n<meta property=\"og:locale\" content=\"en_US\" \/>\n<meta property=\"og:type\" content=\"article\" \/>\n<meta property=\"og:title\" content=\"Impressum - Magnus Nerlich\" \/>\n<meta property=\"og:description\" content=\"Impressum Angaben gem\u00e4\u00df \u00a7 5 Digitale-Dienste-Gesetz Advanced Health &amp; Performance Systems AHPS UG (haftungsbeschr\u00e4nkt)Hans-Henny-Jahnn Weg 2322085 Hamburg Handelsregister: HRB&nbsp;193621Registergericht: Amtsgericht HamburgUmsatzsteuer-Identifikationsnummer gem. \u00a7 27a UStG: DE458532595 Kontakt Vertretungsberechtigter Gesch\u00e4ftsf\u00fchrer: Magnus NerlichTelefon: +49 (0)152 331 480 88E-Mail: magnusnerlich@outlook.com Inhaltlich Verantwortlicher gem. \u00a7 18 Abs. 2 MStV: Magnus NerlichHans-Henny-Jahnn Weg 2322085 Hamburg Streitschlichtung Die Europ\u00e4ische Kommission stellt [&hellip;]\" \/>\n<meta property=\"og:url\" content=\"https:\/\/magnusnerlich.com\/en\/impressum\/\" \/>\n<meta property=\"og:site_name\" content=\"Magnus Nerlich\" \/>\n<meta property=\"article:modified_time\" content=\"2026-01-04T14:17:50+00:00\" \/>\n<meta name=\"twitter:card\" content=\"summary_large_image\" \/>\n<meta name=\"twitter:site\" content=\"@magnusnerlich\" \/>\n<meta name=\"twitter:label1\" content=\"Est. reading time\" \/>\n\t<meta name=\"twitter:data1\" content=\"2 minutes\" \/>\n<script type=\"application\/ld+json\" class=\"yoast-schema-graph\">{\"@context\":\"https:\\\/\\\/schema.org\",\"@graph\":[{\"@type\":\"WebPage\",\"@id\":\"https:\\\/\\\/magnusnerlich.com\\\/en\\\/impressum\\\/\",\"url\":\"https:\\\/\\\/magnusnerlich.com\\\/en\\\/impressum\\\/\",\"name\":\"Impressum - Magnus Nerlich\",\"isPartOf\":{\"@id\":\"https:\\\/\\\/magnusnerlich.com\\\/en\\\/#website\"},\"datePublished\":\"2019-04-14T17:04:15+00:00\",\"dateModified\":\"2026-01-04T14:17:50+00:00\",\"breadcrumb\":{\"@id\":\"https:\\\/\\\/magnusnerlich.com\\\/en\\\/impressum\\\/#breadcrumb\"},\"inLanguage\":\"en-US\",\"potentialAction\":[{\"@type\":\"ReadAction\",\"target\":[\"https:\\\/\\\/magnusnerlich.com\\\/en\\\/impressum\\\/\"]}]},{\"@type\":\"BreadcrumbList\",\"@id\":\"https:\\\/\\\/magnusnerlich.com\\\/en\\\/impressum\\\/#breadcrumb\",\"itemListElement\":[{\"@type\":\"ListItem\",\"position\":1,\"name\":\"Start\",\"item\":\"https:\\\/\\\/magnusnerlich.com\\\/\"},{\"@type\":\"ListItem\",\"position\":2,\"name\":\"Impressum\"}]},{\"@type\":\"WebSite\",\"@id\":\"https:\\\/\\\/magnusnerlich.com\\\/en\\\/#website\",\"url\":\"https:\\\/\\\/magnusnerlich.com\\\/en\\\/\",\"name\":\"Magnus Nerlich\",\"description\":\"Health &amp; Performance Specialist\",\"publisher\":{\"@id\":\"https:\\\/\\\/magnusnerlich.com\\\/en\\\/#\\\/schema\\\/person\\\/5e67969dc6abdc7ba12e7d052c77541b\"},\"potentialAction\":[{\"@type\":\"SearchAction\",\"target\":{\"@type\":\"EntryPoint\",\"urlTemplate\":\"https:\\\/\\\/magnusnerlich.com\\\/en\\\/?s={search_term_string}\"},\"query-input\":{\"@type\":\"PropertyValueSpecification\",\"valueRequired\":true,\"valueName\":\"search_term_string\"}}],\"inLanguage\":\"en-US\"},{\"@type\":[\"Person\",\"Organization\"],\"@id\":\"https:\\\/\\\/magnusnerlich.com\\\/en\\\/#\\\/schema\\\/person\\\/5e67969dc6abdc7ba12e7d052c77541b\",\"name\":\"Magnus Nerlich\",\"image\":{\"@type\":\"ImageObject\",\"inLanguage\":\"en-US\",\"@id\":\"https:\\\/\\\/i0.wp.com\\\/magnusnerlich.com\\\/wp-content\\\/uploads\\\/2021\\\/05\\\/cropped-Logo-Full-Name-Black.png?fit=1000%2C494&ssl=1\",\"url\":\"https:\\\/\\\/i0.wp.com\\\/magnusnerlich.com\\\/wp-content\\\/uploads\\\/2021\\\/05\\\/cropped-Logo-Full-Name-Black.png?fit=1000%2C494&ssl=1\",\"contentUrl\":\"https:\\\/\\\/i0.wp.com\\\/magnusnerlich.com\\\/wp-content\\\/uploads\\\/2021\\\/05\\\/cropped-Logo-Full-Name-Black.png?fit=1000%2C494&ssl=1\",\"width\":1000,\"height\":494,\"caption\":\"Magnus Nerlich\"},\"logo\":{\"@id\":\"https:\\\/\\\/i0.wp.com\\\/magnusnerlich.com\\\/wp-content\\\/uploads\\\/2021\\\/05\\\/cropped-Logo-Full-Name-Black.png?fit=1000%2C494&ssl=1\"},\"sameAs\":[\"http:\\\/\\\/magnusnerlich.wordpress.com\"]}]}<\/script>\n<!-- \/ Yoast SEO plugin. -->","yoast_head_json":{"title":"Impressum - Magnus Nerlich","robots":{"index":"index","follow":"follow","max-snippet":"max-snippet:-1","max-image-preview":"max-image-preview:large","max-video-preview":"max-video-preview:-1"},"canonical":"https:\/\/magnusnerlich.com\/en\/impressum\/","og_locale":"en_US","og_type":"article","og_title":"Impressum - Magnus Nerlich","og_description":"Impressum Angaben gem\u00e4\u00df \u00a7 5 Digitale-Dienste-Gesetz Advanced Health &amp; Performance Systems AHPS UG (haftungsbeschr\u00e4nkt)Hans-Henny-Jahnn Weg 2322085 Hamburg Handelsregister: HRB&nbsp;193621Registergericht: Amtsgericht HamburgUmsatzsteuer-Identifikationsnummer gem. \u00a7 27a UStG: DE458532595 Kontakt Vertretungsberechtigter Gesch\u00e4ftsf\u00fchrer: Magnus NerlichTelefon: +49 (0)152 331 480 88E-Mail: magnusnerlich@outlook.com Inhaltlich Verantwortlicher gem. \u00a7 18 Abs. 2 MStV: Magnus NerlichHans-Henny-Jahnn Weg 2322085 Hamburg Streitschlichtung Die Europ\u00e4ische Kommission stellt [&hellip;]","og_url":"https:\/\/magnusnerlich.com\/en\/impressum\/","og_site_name":"Magnus Nerlich","article_modified_time":"2026-01-04T14:17:50+00:00","twitter_card":"summary_large_image","twitter_site":"@magnusnerlich","twitter_misc":{"Est. reading time":"2 minutes"},"schema":{"@context":"https:\/\/schema.org","@graph":[{"@type":"WebPage","@id":"https:\/\/magnusnerlich.com\/en\/impressum\/","url":"https:\/\/magnusnerlich.com\/en\/impressum\/","name":"Impressum - Magnus Nerlich","isPartOf":{"@id":"https:\/\/magnusnerlich.com\/en\/#website"},"datePublished":"2019-04-14T17:04:15+00:00","dateModified":"2026-01-04T14:17:50+00:00","breadcrumb":{"@id":"https:\/\/magnusnerlich.com\/en\/impressum\/#breadcrumb"},"inLanguage":"en-US","potentialAction":[{"@type":"ReadAction","target":["https:\/\/magnusnerlich.com\/en\/impressum\/"]}]},{"@type":"BreadcrumbList","@id":"https:\/\/magnusnerlich.com\/en\/impressum\/#breadcrumb","itemListElement":[{"@type":"ListItem","position":1,"name":"Start","item":"https:\/\/magnusnerlich.com\/"},{"@type":"ListItem","position":2,"name":"Impressum"}]},{"@type":"WebSite","@id":"https:\/\/magnusnerlich.com\/en\/#website","url":"https:\/\/magnusnerlich.com\/en\/","name":"Magnus Nerlich","description":"Health &amp; Performance Specialist","publisher":{"@id":"https:\/\/magnusnerlich.com\/en\/#\/schema\/person\/5e67969dc6abdc7ba12e7d052c77541b"},"potentialAction":[{"@type":"SearchAction","target":{"@type":"EntryPoint","urlTemplate":"https:\/\/magnusnerlich.com\/en\/?s={search_term_string}"},"query-input":{"@type":"PropertyValueSpecification","valueRequired":true,"valueName":"search_term_string"}}],"inLanguage":"en-US"},{"@type":["Person","Organization"],"@id":"https:\/\/magnusnerlich.com\/en\/#\/schema\/person\/5e67969dc6abdc7ba12e7d052c77541b","name":"Magnus Nerlich","image":{"@type":"ImageObject","inLanguage":"en-US","@id":"https:\/\/i0.wp.com\/magnusnerlich.com\/wp-content\/uploads\/2021\/05\/cropped-Logo-Full-Name-Black.png?fit=1000%2C494&ssl=1","url":"https:\/\/i0.wp.com\/magnusnerlich.com\/wp-content\/uploads\/2021\/05\/cropped-Logo-Full-Name-Black.png?fit=1000%2C494&ssl=1","contentUrl":"https:\/\/i0.wp.com\/magnusnerlich.com\/wp-content\/uploads\/2021\/05\/cropped-Logo-Full-Name-Black.png?fit=1000%2C494&ssl=1","width":1000,"height":494,"caption":"Magnus Nerlich"},"logo":{"@id":"https:\/\/i0.wp.com\/magnusnerlich.com\/wp-content\/uploads\/2021\/05\/cropped-Logo-Full-Name-Black.png?fit=1000%2C494&ssl=1"},"sameAs":["http:\/\/magnusnerlich.wordpress.com"]}]}},"jetpack_likes_enabled":false,"jetpack_sharing_enabled":false,"jetpack_shortlink":"https:\/\/wp.me\/PaFAaB-q3","_links":{"self":[{"href":"https:\/\/magnusnerlich.com\/en\/wp-json\/wp\/v2\/pages\/1615","targetHints":{"allow":["GET"]}}],"collection":[{"href":"https:\/\/magnusnerlich.com\/en\/wp-json\/wp\/v2\/pages"}],"about":[{"href":"https:\/\/magnusnerlich.com\/en\/wp-json\/wp\/v2\/types\/page"}],"author":[{"embeddable":true,"href":"https:\/\/magnusnerlich.com\/en\/wp-json\/wp\/v2\/users\/151865730"}],"replies":[{"embeddable":true,"href":"https:\/\/magnusnerlich.com\/en\/wp-json\/wp\/v2\/comments?post=1615"}],"version-history":[{"count":17,"href":"https:\/\/magnusnerlich.com\/en\/wp-json\/wp\/v2\/pages\/1615\/revisions"}],"predecessor-version":[{"id":22534,"href":"https:\/\/magnusnerlich.com\/en\/wp-json\/wp\/v2\/pages\/1615\/revisions\/22534"}],"wp:attachment":[{"href":"https:\/\/magnusnerlich.com\/en\/wp-json\/wp\/v2\/media?parent=1615"}],"curies":[{"name":"wp","href":"https:\/\/api.w.org\/{rel}","templated":true}]}}